{"id":2610,"date":"2025-03-13T18:49:14","date_gmt":"2025-03-13T18:49:14","guid":{"rendered":"https:\/\/telaresmaracay.com\/?page_id=2610"},"modified":"2026-03-31T14:35:19","modified_gmt":"2026-03-31T14:35:19","slug":"exportaciones","status":"publish","type":"page","link":"https:\/\/telaresmaracay.com\/en\/exportaciones\/","title":{"rendered":"Exports"},"content":{"rendered":"<p>[et_pb_section fb_built=\u00bb1&#8243; custom_padding_last_edited=\u00bbon|phone\u00bb _builder_version=\u00bb4.21.2&#8243; _module_preset=\u00bbdefault\u00bb custom_padding=\u00bb20px||32px||false|false\u00bb custom_padding_tablet=\u00bb||55px||false|false\u00bb custom_padding_phone=\u00bb||55px||false|false\u00bb custom_css_main_element=\u00bbmin-height:calc(100vh &#8211; 164px);\u00bb global_colors_info=\u00bb{}\u00bb][et_pb_row _builder_version=\u00bb4.26.0&#8243; _module_preset=\u00bbdefault\u00bb global_colors_info=\u00bb{}\u00bb][et_pb_column type=\u00bb4_4&#8243; _builder_version=\u00bb4.26.0&#8243; _module_preset=\u00bbdefault\u00bb global_colors_info=\u00bb{}\u00bb][et_pb_text _builder_version=\u00bb4.26.0&#8243; _module_preset=\u00bbdefault\u00bb text_font=\u00bb|700|||||||\u00bb text_font_size=\u00bb31px\u00bb text_line_height=\u00bb1.1em\u00bb hover_enabled=\u00bb0&#8243; text_font_size_tablet=\u00bb31px\u00bb text_font_size_phone=\u00bb24px\u00bb text_font_size_last_edited=\u00bbon|phone\u00bb text_orientation_tablet=\u00bb\u00bb text_orientation_phone=\u00bbleft\u00bb text_orientation_last_edited=\u00bbon|phone\u00bb global_colors_info=\u00bb{}\u00bb sticky_enabled=\u00bb0&#8243;]<\/p>\n<p>\u00a1Expande tu Negocio con<br \/>la Calidad y Versatilidad <br \/>de Grupo Telares Maracay!<\/p>\n<p>[\/et_pb_text][\/et_pb_column][\/et_pb_row][et_pb_row column_structure=\u00bb1_2,1_2&#8243; _builder_version=\u00bb4.21.2&#8243; _module_preset=\u00bbdefault\u00bb custom_padding=\u00bb14px|||||\u00bb locked=\u00bboff\u00bb global_colors_info=\u00bb{}\u00bb][et_pb_column type=\u00bb1_2&#8243; _builder_version=\u00bb4.21.2&#8243; _module_preset=\u00bbdefault\u00bb global_colors_info=\u00bb{}\u00bb][et_pb_text _builder_version=\u00bb4.26.0&#8243; _module_preset=\u00bbdefault\u00bb text_orientation=\u00bbjustified\u00bb custom_margin=\u00bb-3px|||||\u00bb global_colors_info=\u00bb{}\u00bb]<\/p>\n<p>Somos l\u00edderes en la fabricaci\u00f3n de textiles de clase mundial, con una amplia gama de productos dise\u00f1ados para satisfacer las necesidades de diversos mercados. Nuestra experiencia en manufactura y el profundo conocimiento de las expectativas de nuestros clientes nos permiten ofrecer una propuesta de valor inigualable.<\/p>\n<p>[\/et_pb_text][et_pb_text _builder_version=\u00bb4.26.0&#8243; _module_preset=\u00bbdefault\u00bb text_orientation=\u00bbjustified\u00bb custom_margin=\u00bb-3px|||||\u00bb global_colors_info=\u00bb{}\u00bb]<\/p>\n<p><strong>Nuestra Oferta de Exportaci\u00f3n Incluye:<\/strong><\/p>\n<p><strong><\/strong><\/p>\n<ul>\n<li><strong>Telas Planas (Denim) 100% Algod\u00f3n:<\/strong> Ideales para la industria de la confecci\u00f3n, con una amplia variedad de dise\u00f1os y colores.<\/li>\n<li><strong>Telas Crudas con Acabados Especiales:<\/strong> Para aplicaciones diversas, adapt\u00e1ndonos a tus requerimientos espec\u00edficos.<\/li>\n<li><strong>Hilos de Alta Calidad:<\/strong> Para jersey, franelas, toallas y pa\u00f1os, garantizando resistencia y durabilidad.<\/li>\n<li><strong>Confecci\u00f3n de Jeans de Moda y Trabajo:<\/strong> Paquetes completos desde el dise\u00f1o hasta el producto final, con la m\u00e1s alta calidad y atenci\u00f3n al detalle.<\/li>\n<li><strong>Certificaciones de Calidad y Sostenibilidad:<\/strong> Reconocidas a nivel internacional, como Cradle to Cradle y Cotton USA, que respaldan nuestro compromiso con la excelencia y el medio ambiente.<\/li>\n<li><strong>Telas No Tejidas:<\/strong> Para la industria pa\u00f1alera, colchonera, agr\u00edcola y de la construcci\u00f3n, con propiedades y caracter\u00edsticas espec\u00edficas para cada aplicaci\u00f3n.<\/li>\n<li><strong>Confecci\u00f3n de Descartables M\u00e9dicos:<\/strong> Batas de cirujano, monos quir\u00fargicos, mascarillas KN95, cumpliendo con los m\u00e1s altos est\u00e1ndares de calidad y seguridad.<\/li>\n<li><strong>Precios Competitivos:<\/strong> Para que puedas maximizar tu rentabilidad.<\/li>\n<li><strong>Experiencia en Exportaci\u00f3n y Log\u00edstica Internacional:<\/strong> Facilitando el proceso de env\u00edo y entrega de tus pedidos.<\/li>\n<li><strong>Capacidad de Producci\u00f3n para Grandes Pedidos:<\/strong> Garantizando el suministro constante y oportuno de nuestros productos.<\/li>\n<\/ul>\n<p>[\/et_pb_text][et_pb_text _builder_version=\u00bb4.26.0&#8243; _module_preset=\u00bbdefault\u00bb text_orientation=\u00bbjustified\u00bb custom_margin=\u00bb38px|||||\u00bb global_colors_info=\u00bb{}\u00bb]<\/p>\n<p><strong>Ubicaci\u00f3n Estrat\u00e9gica:<\/strong><\/p>\n<p>Nuestros centros de producci\u00f3n est\u00e1n ubicados en el centro norte de Venezuela, con acceso privilegiado a uno de los principales puertos mar\u00edtimos para la exportaci\u00f3n a Am\u00e9rica, el Caribe y Europa.<\/p>\n<p>[\/et_pb_text][\/et_pb_column][et_pb_column type=\u00bb1_2&#8243; _builder_version=\u00bb4.21.2&#8243; _module_preset=\u00bbdefault\u00bb global_colors_info=\u00bb{}\u00bb][et_pb_image src=\u00bbhttps:\/\/telaresmaracay.com\/wp-content\/uploads\/2025\/03\/foto-para-export.jpg\u00bb title_text=\u00bbfoto para export\u00bb force_fullwidth=\u00bbon\u00bb _builder_version=\u00bb4.26.0&#8243; _module_preset=\u00bbdefault\u00bb custom_margin=\u00bb||9px|||\u00bb border_radii=\u00bbon|5px|5px|5px|5px\u00bb global_colors_info=\u00bb{}\u00bb][\/et_pb_image][et_pb_text _builder_version=\u00bb4.26.0&#8243; _module_preset=\u00bbdefault\u00bb text_font_size=\u00bb11px\u00bb link_option_url=\u00bbVECTECZY.COM\u00bb link_option_url_new_window=\u00bbon\u00bb global_colors_info=\u00bb{}\u00bb]<\/p>\n<p style=\"text-align: left;\"><strong>vecteczy.com<\/strong><\/p>\n<p>[\/et_pb_text][\/et_pb_column][\/et_pb_row][et_pb_row column_structure=\u00bb1_2,1_2&#8243; _builder_version=\u00bb4.26.0&#8243; _module_preset=\u00bbdefault\u00bb locked=\u00bboff\u00bb global_colors_info=\u00bb{}\u00bb][et_pb_column type=\u00bb1_2&#8243; _builder_version=\u00bb4.26.0&#8243; _module_preset=\u00bbdefault\u00bb global_colors_info=\u00bb{}\u00bb][et_pb_text _builder_version=\u00bb4.26.0&#8243; _module_preset=\u00bbdefault\u00bb text_orientation=\u00bbjustified\u00bb custom_margin=\u00bb2px|||||\u00bb global_colors_info=\u00bb{}\u00bb]<\/p>\n<p><strong>\u00a1Cont\u00e1ctanos!<\/strong><\/p>\n<p>Si deseas conocer en detalle nuestra oferta o te interesa distribuir nuestros productos, te invitamos a contactarnos. Estamos listos para responder a todas tus preguntas y brindarte la mejor atenci\u00f3n.<\/p>\n<p>Ronald Hern\u00e1ndez<br \/>Gerente de ventas internacionales GTM<br \/>info@telaresmaracay.com<\/p>\n<p>[\/et_pb_text][\/et_pb_column][et_pb_column type=\u00bb1_2&#8243; _builder_version=\u00bb4.26.0&#8243; _module_preset=\u00bbdefault\u00bb global_colors_info=\u00bb{}\u00bb][et_pb_code _builder_version=\u00bb4.26.0&#8243; _module_preset=\u00bbdefault\u00bb global_colors_info=\u00bb{}\u00bb]<style id=\"wpforms-css-vars-2600\">\n\t\t\t\t#wpforms-2600 {\n\t\t\t\t\n\t\t\t}\n\t\t\t<\/style><div class=\"wpforms-container wpforms-container-full wpforms-render-modern\" id=\"wpforms-2600\"><form id=\"wpforms-form-2600\" class=\"wpforms-validate wpforms-form wpforms-ajax-form\" data-formid=\"2600\" method=\"post\" enctype=\"multipart\/form-data\" action=\"\/en\/wp-json\/wp\/v2\/pages\/2610\" data-token=\"1bd86620f726d75d49ab51fb0be3a736\" data-token-time=\"1778836425\"><noscript class=\"wpforms-error-noscript\">Please enable JavaScript in your browser to complete this form.<\/noscript><div id=\"wpforms-error-noscript\" style=\"display: none;\">Please enable JavaScript in your browser to complete this form.<\/div><div class=\"wpforms-field-container\"><div id=\"wpforms-2600-field_1-container\" class=\"wpforms-field wpforms-field-text\" data-field-id=\"1\"><label class=\"wpforms-field-label\" for=\"wpforms-2600-field_1\">Nombre<\/label><input type=\"text\" id=\"wpforms-2600-field_1\" class=\"wpforms-field-large\" name=\"wpforms[fields][1]\" aria-errormessage=\"wpforms-2600-field_1-error\" ><\/div><div id=\"wpforms-2600-field_2-container\" class=\"wpforms-field wpforms-field-email\" data-field-id=\"2\"><label class=\"wpforms-field-label\" for=\"wpforms-2600-field_2\">Correo electr\u00f3nico <span class=\"wpforms-required-label\" aria-hidden=\"true\">*<\/span><\/label><input type=\"email\" id=\"wpforms-2600-field_2\" class=\"wpforms-field-large wpforms-field-required\" name=\"wpforms[fields][2]\" spellcheck=\"false\" aria-errormessage=\"wpforms-2600-field_2-error\" required><\/div><div id=\"wpforms-2600-field_3-container\" class=\"wpforms-field wpforms-field-text\" data-field-id=\"3\"><label class=\"wpforms-field-label\" for=\"wpforms-2600-field_3\">Tel\u00e9fono<\/label><input type=\"text\" id=\"wpforms-2600-field_3\" class=\"wpforms-field-large\" name=\"wpforms[fields][3]\" aria-errormessage=\"wpforms-2600-field_3-error\" ><\/div><div id=\"wpforms-2600-field_4-container\" class=\"wpforms-field wpforms-field-text\" data-field-id=\"4\"><label class=\"wpforms-field-label\" for=\"wpforms-2600-field_4\">Ciudad<\/label><input type=\"text\" id=\"wpforms-2600-field_4\" class=\"wpforms-field-large\" name=\"wpforms[fields][4]\" aria-errormessage=\"wpforms-2600-field_4-error\" ><\/div><div id=\"wpforms-2600-field_5-container\" class=\"wpforms-field wpforms-field-text\" data-field-id=\"5\"><label class=\"wpforms-field-label\" for=\"wpforms-2600-field_5\">Pa\u00eds<\/label><input type=\"text\" id=\"wpforms-2600-field_5\" class=\"wpforms-field-large\" name=\"wpforms[fields][5]\" aria-errormessage=\"wpforms-2600-field_5-error\" ><\/div><div id=\"wpforms-2600-field_6-container\" class=\"wpforms-field wpforms-field-textarea\" data-field-id=\"6\"><label class=\"wpforms-field-label\" for=\"wpforms-2600-field_6\">Mensaje<\/label><textarea id=\"wpforms-2600-field_6\" class=\"wpforms-field-medium\" name=\"wpforms[fields][6]\" aria-errormessage=\"wpforms-2600-field_6-error\" ><\/textarea><\/div><\/div><!-- .wpforms-field-container --><div class=\"wpforms-recaptcha-container wpforms-is-recaptcha wpforms-is-recaptcha-type-v3\" ><input type=\"hidden\" name=\"wpforms[recaptcha]\" value=\"\"><\/div><div class=\"wpforms-submit-container\" ><input type=\"hidden\" name=\"wpforms[id]\" value=\"2600\"><input type=\"hidden\" name=\"page_title\" value=\"\"><input type=\"hidden\" name=\"page_url\" value=\"https:\/\/telaresmaracay.com\/en\/wp-json\/wp\/v2\/pages\/2610\"><input type=\"hidden\" name=\"url_referer\" value=\"\"><button type=\"submit\" name=\"wpforms[submit]\" id=\"wpforms-submit-2600\" class=\"wpforms-submit\" data-alt-text=\"Enviando...\" data-submit-text=\"Enviar\" aria-live=\"assertive\" value=\"wpforms-submit\">Enviar<\/button><img loading=\"lazy\" decoding=\"async\" src=\"https:\/\/telaresmaracay.com\/wp-content\/plugins\/wpforms-lite\/assets\/images\/submit-spin.svg\" class=\"wpforms-submit-spinner\" style=\"display: none;\" width=\"26\" height=\"26\" alt=\"Loading\"><\/div><\/form><\/div>  <!-- .wpforms-container -->[\/et_pb_code][\/et_pb_column][\/et_pb_row][\/et_pb_section]<\/p>\n","protected":false},"excerpt":{"rendered":"<p>\u00a1Expande tu Negocio conla Calidad y Versatilidad de Grupo Telares Maracay!Somos l\u00edderes en la fabricaci\u00f3n de textiles de clase mundial, con una amplia gama de productos dise\u00f1ados para satisfacer las necesidades de diversos mercados. Nuestra experiencia en manufactura y el profundo conocimiento de las expectativas de nuestros clientes nos permiten ofrecer una propuesta de valor [&hellip;]<\/p>\n","protected":false},"author":5,"featured_media":0,"parent":0,"menu_order":0,"comment_status":"closed","ping_status":"closed","template":"","meta":{"_et_pb_use_builder":"on","_et_pb_old_content":"","_et_gb_content_width":"","om_disable_all_campaigns":false,"_monsterinsights_skip_tracking":false,"_monsterinsights_sitenote_active":false,"_monsterinsights_sitenote_note":"","_monsterinsights_sitenote_category":0,"footnotes":""},"class_list":["post-2610","page","type-page","status-publish","hentry"],"aioseo_notices":[],"_links":{"self":[{"href":"https:\/\/telaresmaracay.com\/en\/wp-json\/wp\/v2\/pages\/2610","targetHints":{"allow":["GET"]}}],"collection":[{"href":"https:\/\/telaresmaracay.com\/en\/wp-json\/wp\/v2\/pages"}],"about":[{"href":"https:\/\/telaresmaracay.com\/en\/wp-json\/wp\/v2\/types\/page"}],"author":[{"embeddable":true,"href":"https:\/\/telaresmaracay.com\/en\/wp-json\/wp\/v2\/users\/5"}],"replies":[{"embeddable":true,"href":"https:\/\/telaresmaracay.com\/en\/wp-json\/wp\/v2\/comments?post=2610"}],"version-history":[{"count":14,"href":"https:\/\/telaresmaracay.com\/en\/wp-json\/wp\/v2\/pages\/2610\/revisions"}],"predecessor-version":[{"id":2696,"href":"https:\/\/telaresmaracay.com\/en\/wp-json\/wp\/v2\/pages\/2610\/revisions\/2696"}],"wp:attachment":[{"href":"https:\/\/telaresmaracay.com\/en\/wp-json\/wp\/v2\/media?parent=2610"}],"curies":[{"name":"wp","href":"https:\/\/api.w.org\/{rel}","templated":true}]}}