{"id":244,"date":"2023-08-08T17:53:28","date_gmt":"2023-08-08T17:53:28","guid":{"rendered":"https:\/\/telaresmaracay.com\/?page_id=244"},"modified":"2024-04-10T19:51:12","modified_gmt":"2024-04-10T19:51:12","slug":"agricola","status":"publish","type":"page","link":"https:\/\/telaresmaracay.com\/en\/agricola\/","title":{"rendered":"Agriculture"},"content":{"rendered":"<p>[et_pb_section fb_built=\u00bb1&#8243; custom_padding_last_edited=\u00bbon|phone\u00bb _builder_version=\u00bb4.21.2&#8243; _module_preset=\u00bbdefault\u00bb custom_padding=\u00bb20px||32px||false|false\u00bb custom_padding_tablet=\u00bb||55px||false|false\u00bb custom_padding_phone=\u00bb||55px||false|false\u00bb custom_css_main_element=\u00bbmin-height:calc(100vh &#8211; 164px);\u00bb global_colors_info=\u00bb{}\u00bb][et_pb_row column_structure=\u00bb1_4,3_4&#8243; custom_padding_last_edited=\u00bbon|tablet\u00bb _builder_version=\u00bb4.21.2&#8243; _module_preset=\u00bbdefault\u00bb custom_margin=\u00bb-7px||-9px||false|false\u00bb custom_margin_tablet=\u00bb-7px||-9px||false|false\u00bb custom_margin_phone=\u00bb-17px||-10px||false|false\u00bb custom_margin_last_edited=\u00bbon|tablet\u00bb custom_padding=\u00bb|||55px|false|false\u00bb custom_padding_tablet=\u00bb|||0px|false|false\u00bb custom_padding_phone=\u00bb|||0px|false|false\u00bb global_colors_info=\u00bb{}\u00bb][et_pb_column type=\u00bb1_4&#8243; _builder_version=\u00bb4.21.2&#8243; _module_preset=\u00bbdefault\u00bb global_colors_info=\u00bb{}\u00bb][et_pb_text content_tablet=\u00bb<\/p>\n<h1 style=%22text-align: center;%22><span style=%22font-size: xxx-large;%22><b>Agr\u00edcola<\/b><\/span><\/h1>\n<p>\u00bb content_phone=\u00bb<\/p>\n<h1 style=%22text-align: center;%22><span style=%22font-size: xxx-large;%22><b>Agr\u00edcola<\/b><\/span><\/h1>\n<p>\u00bb content_last_edited=\u00bbon|tablet\u00bb _builder_version=\u00bb4.21.2&#8243; _module_preset=\u00bbdefault\u00bb text_text_color=\u00bbgcid-884e73bd-66b5-42c5-9842-b9a41b765e8a\u00bb text_font_size=\u00bb60px\u00bb text_line_height=\u00bb1em\u00bb custom_margin=\u00bb9px|-25px|-7px|0px|false|false\u00bb custom_margin_tablet=\u00bb9px|0px|-7px|0px|false|false\u00bb custom_margin_phone=\u00bb9px|0px|-7px|0px|false|false\u00bb custom_margin_last_edited=\u00bbon|desktop\u00bb custom_padding=\u00bb|0px||0px|false|false\u00bb global_colors_info=\u00bb{%22gcid-884e73bd-66b5-42c5-9842-b9a41b765e8a%22:%91%22text_text_color%22%93}\u00bb]<\/p>\n<h1><span style=\"font-size: xxx-large;\"><b>Agr\u00edcola<\/b><\/span><\/h1>\n<p>[\/et_pb_text][\/et_pb_column][et_pb_column type=\u00bb3_4&#8243; _builder_version=\u00bb4.21.2&#8243; _module_preset=\u00bbdefault\u00bb global_colors_info=\u00bb{}\u00bb][et_pb_text content_tablet=\u00bb<\/p>\n<p style=%22text-align: center;%22><strong><span style=%22font-size: xx-large;%22>Producimos<\/span><\/strong><strong><span style=%22font-size: xx-large;%22> parte de nuestra materia prima<\/span><\/strong><\/p>\n<p>\u00bb content_phone=\u00bb<\/p>\n<p style=%22text-align: center;%22><strong><span style=%22font-size: xx-large;%22>Producimos<\/span><\/strong><strong><span style=%22font-size: xx-large;%22> parte de nuestra materia prima<\/span><\/strong><\/p>\n<p>\u00bb content_last_edited=\u00bboff|desktop\u00bb _builder_version=\u00bb4.21.2&#8243; _module_preset=\u00bbdefault\u00bb custom_margin=\u00bb11px|-63px||1px|false|false\u00bb custom_margin_tablet=\u00bb3px||-7px|0px|false|false\u00bb custom_margin_phone=\u00bb-1px||-8px|0px|false|false\u00bb custom_margin_last_edited=\u00bbon|tablet\u00bb custom_padding=\u00bb||0px|||\u00bb custom_padding_tablet=\u00bb||0px|||\u00bb custom_padding_phone=\u00bb||0px|||\u00bb custom_padding_last_edited=\u00bbon|tablet\u00bb text_font_size_tablet=\u00bb30px\u00bb text_font_size_phone=\u00bb30px\u00bb text_font_size_last_edited=\u00bbon|tablet\u00bb text_line_height_tablet=\u00bb1.4em\u00bb text_line_height_phone=\u00bb1.4em\u00bb text_line_height_last_edited=\u00bbon|tablet\u00bb header_text_align_tablet=\u00bb\u00bb header_text_align_phone=\u00bbcenter\u00bb header_text_align_last_edited=\u00bbon|phone\u00bb header_line_height_tablet=\u00bb1.4em\u00bb header_line_height_phone=\u00bb1.4em\u00bb header_line_height_last_edited=\u00bbon|tablet\u00bb text_orientation_tablet=\u00bbcenter\u00bb text_orientation_phone=\u00bbcenter\u00bb text_orientation_last_edited=\u00bbon|phone\u00bb global_colors_info=\u00bb{}\u00bb]<\/p>\n<h1><strong><span style=\"font-size: xx-large;\">Producimos<\/span><span style=\"font-size: xx-large;\"> parte de nuestra materia prima<\/span><\/strong><\/h1>\n<p>[\/et_pb_text][\/et_pb_column][\/et_pb_row][et_pb_row column_structure=\u00bb1_3,1_3,1_3&#8243; use_custom_gutter=\u00bbon\u00bb gutter_width=\u00bb2&#8243; _builder_version=\u00bb4.21.2&#8243; _module_preset=\u00bbdefault\u00bb global_colors_info=\u00bb{}\u00bb][et_pb_column type=\u00bb1_3&#8243; _builder_version=\u00bb4.21.2&#8243; _module_preset=\u00bbdefault\u00bb global_colors_info=\u00bb{}\u00bb][et_pb_image src=\u00bbhttps:\/\/telaresmaracay.com\/wp-content\/uploads\/2023\/08\/Agricultura-en-el-cultivo-de-algodon.jpg\u00bb alt=\u00bbAgricultura en el cultivo de algod\u00f3n\u00bb title_text=\u00bbAgricultura en el cultivo de algod\u00f3n\u00bb _builder_version=\u00bb4.21.2&#8243; _module_preset=\u00bbdefault\u00bb border_radii=\u00bbon|15px|15px|15px|15px\u00bb global_colors_info=\u00bb{}\u00bb][\/et_pb_image][\/et_pb_column][et_pb_column type=\u00bb1_3&#8243; _builder_version=\u00bb4.21.2&#8243; _module_preset=\u00bbdefault\u00bb global_colors_info=\u00bb{}\u00bb][et_pb_image src=\u00bbhttps:\/\/telaresmaracay.com\/wp-content\/uploads\/2024\/04\/algodon.jpg\u00bb alt=\u00bbAlgod\u00f3n de alta calidad cultivado en Venezuela\u00bb title_text=\u00bbalgodon\u00bb _builder_version=\u00bb4.21.2&#8243; _module_preset=\u00bbdefault\u00bb hover_enabled=\u00bb0&#8243; border_radii=\u00bbon|15px|15px|15px|15px\u00bb global_colors_info=\u00bb{}\u00bb sticky_enabled=\u00bb0&#8243;][\/et_pb_image][\/et_pb_column][et_pb_column type=\u00bb1_3&#8243; _builder_version=\u00bb4.21.2&#8243; _module_preset=\u00bbdefault\u00bb global_colors_info=\u00bb{}\u00bb][et_pb_image src=\u00bbhttps:\/\/telaresmaracay.com\/wp-content\/uploads\/2023\/10\/Campo-de-algodon-en-el-sector-agricola.jpg\u00bb alt=\u00bbCampo de algod\u00f3n en el sector agr\u00edcola\u00bb title_text=\u00bbCampo de algod\u00f3n en el sector agr\u00edcola\u00bb _builder_version=\u00bb4.21.2&#8243; _module_preset=\u00bbdefault\u00bb border_radii=\u00bbon|15px|15px|15px|15px\u00bb global_colors_info=\u00bb{}\u00bb][\/et_pb_image][\/et_pb_column][\/et_pb_row][et_pb_row column_structure=\u00bb3_5,2_5&#8243; _builder_version=\u00bb4.21.2&#8243; _module_preset=\u00bbdefault\u00bb global_colors_info=\u00bb{}\u00bb][et_pb_column type=\u00bb3_5&#8243; _builder_version=\u00bb4.21.2&#8243; _module_preset=\u00bbdefault\u00bb global_colors_info=\u00bb{}\u00bb][et_pb_text _builder_version=\u00bb4.21.2&#8243; _module_preset=\u00bbdefault\u00bb text_line_height=\u00bb1.5em\u00bb width=\u00bb100%\u00bb min_height=\u00bb150.9px\u00bb custom_margin=\u00bb-22px|2px|11px|||\u00bb custom_margin_tablet=\u00bb-33px||5px||false|false\u00bb custom_margin_phone=\u00bb-43px|2px|0px||false|false\u00bb custom_margin_last_edited=\u00bbon|desktop\u00bb custom_padding=\u00bb27px|44px|19px||false|false\u00bb custom_padding_tablet=\u00bb|6px|||false|false\u00bb custom_padding_phone=\u00bb|11px|||false|false\u00bb custom_padding_last_edited=\u00bbon|tablet\u00bb global_colors_info=\u00bb{}\u00bb]<\/p>\n<p>A fin de disponer de parte del algod\u00f3n que utilizamos en la fabricaci\u00f3n de nuestras telas, contamos con Agropecuaria Palo Gordo ubicada en el Estado Portuguesa, Venezuela, en la que adicional al algod\u00f3n que sembramos all\u00ed, tambi\u00e9n producimos otros rubros como ca\u00f1a de azucar, ma\u00edz, pasto, patilla, soja y girasol.<\/p>\n<p>[\/et_pb_text][\/et_pb_column][et_pb_column type=\u00bb2_5&#8243; _builder_version=\u00bb4.21.2&#8243; _module_preset=\u00bbdefault\u00bb global_colors_info=\u00bb{}\u00bb][et_pb_image src=\u00bbhttps:\/\/telaresmaracay.com\/wp-content\/uploads\/2023\/08\/Maquinaria-para-el-cultivo-de-algodon.jpg\u00bb alt=\u00bbMaquinaria para el cultivo de algod\u00f3n\u00bb title_text=\u00bbMaquinaria para el cultivo de algod\u00f3n\u00bb _builder_version=\u00bb4.21.2&#8243; _module_preset=\u00bbdefault\u00bb custom_margin=\u00bb|||-60px||\u00bb custom_margin_tablet=\u00bb|||0px|false|false\u00bb custom_margin_phone=\u00bb|||0px|false|false\u00bb custom_margin_last_edited=\u00bbon|tablet\u00bb custom_padding=\u00bb|||0px||\u00bb border_radii=\u00bbon|15px|15px|15px|15px\u00bb global_colors_info=\u00bb{}\u00bb][\/et_pb_image][\/et_pb_column][\/et_pb_row][\/et_pb_section]<\/p>\n","protected":false},"excerpt":{"rendered":"<p>Agr\u00edcolaProducimos parte de nuestra materia primaA fin de disponer de parte del algod\u00f3n que utilizamos en la fabricaci\u00f3n de nuestras telas, contamos con Agropecuaria Palo Gordo ubicada en el Estado Portuguesa, Venezuela, en la que adicional al algod\u00f3n que sembramos all\u00ed, tambi\u00e9n producimos otros rubros como ca\u00f1a de azucar, ma\u00edz, pasto, patilla, soja y girasol.<\/p>","protected":false},"author":5,"featured_media":0,"parent":0,"menu_order":0,"comment_status":"closed","ping_status":"closed","template":"","meta":{"_et_pb_use_builder":"on","_et_pb_old_content":"","_et_gb_content_width":"","om_disable_all_campaigns":false,"_monsterinsights_skip_tracking":false,"_monsterinsights_sitenote_active":false,"_monsterinsights_sitenote_note":"","_monsterinsights_sitenote_category":0,"footnotes":""},"class_list":["post-244","page","type-page","status-publish","hentry"],"aioseo_notices":[],"_links":{"self":[{"href":"https:\/\/telaresmaracay.com\/en\/wp-json\/wp\/v2\/pages\/244","targetHints":{"allow":["GET"]}}],"collection":[{"href":"https:\/\/telaresmaracay.com\/en\/wp-json\/wp\/v2\/pages"}],"about":[{"href":"https:\/\/telaresmaracay.com\/en\/wp-json\/wp\/v2\/types\/page"}],"author":[{"embeddable":true,"href":"https:\/\/telaresmaracay.com\/en\/wp-json\/wp\/v2\/users\/5"}],"replies":[{"embeddable":true,"href":"https:\/\/telaresmaracay.com\/en\/wp-json\/wp\/v2\/comments?post=244"}],"version-history":[{"count":36,"href":"https:\/\/telaresmaracay.com\/en\/wp-json\/wp\/v2\/pages\/244\/revisions"}],"predecessor-version":[{"id":2359,"href":"https:\/\/telaresmaracay.com\/en\/wp-json\/wp\/v2\/pages\/244\/revisions\/2359"}],"wp:attachment":[{"href":"https:\/\/telaresmaracay.com\/en\/wp-json\/wp\/v2\/media?parent=244"}],"curies":[{"name":"wp","href":"https:\/\/api.w.org\/{rel}","templated":true}]}}