{"id":217,"date":"2023-08-08T17:11:59","date_gmt":"2023-08-08T17:11:59","guid":{"rendered":"https:\/\/telaresmaracay.com\/?page_id=217"},"modified":"2026-03-06T13:03:02","modified_gmt":"2026-03-06T13:03:02","slug":"polytex-telas-no-tejidas","status":"publish","type":"page","link":"https:\/\/telaresmaracay.com\/en\/polytex-telas-no-tejidas\/","title":{"rendered":"Polytex"},"content":{"rendered":"<p>[et_pb_section fb_built=\u00bb1&#8243; _builder_version=\u00bb4.21.2&#8243; _module_preset=\u00bbdefault\u00bb min_height_tablet=\u00bb\u00bb min_height_phone=\u00bb\u00bb min_height_last_edited=\u00bbon|tablet\u00bb custom_margin=\u00bb||-6px||false|false\u00bb custom_margin_tablet=\u00bb||20px||false|false\u00bb custom_margin_phone=\u00bb||4px||false|false\u00bb custom_margin_last_edited=\u00bbon|phone\u00bb custom_padding=\u00bb3px|||||\u00bb locked=\u00bboff\u00bb global_colors_info=\u00bb{}\u00bb custom_css_main_element_last_edited=\u00bbon|desktop\u00bb custom_css_main_element_tablet=\u00bbheight:auto;\u00bb custom_css_main_element_phone=\u00bbheight:auto;\u00bb][et_pb_row column_structure=\u00bb1_4,3_4&#8243; _builder_version=\u00bb4.21.2&#8243; _module_preset=\u00bbdefault\u00bb custom_margin=\u00bb0px||-14px||false|false\u00bb custom_margin_tablet=\u00bb0px||-14px||false|false\u00bb custom_margin_phone=\u00bb0px||-14px||false|false\u00bb custom_margin_last_edited=\u00bbon|desktop\u00bb custom_padding=\u00bb||||false|false\u00bb global_colors_info=\u00bb{}\u00bb][et_pb_column type=\u00bb1_4&#8243; _builder_version=\u00bb4.21.2&#8243; _module_preset=\u00bbdefault\u00bb global_colors_info=\u00bb{}\u00bb][et_pb_image src=\u00bbhttps:\/\/telaresmaracay.com\/wp-content\/uploads\/2023\/08\/logos-website-polytex-telas-no-tejidas-e1697487964247.png\u00bb alt=\u00bblogos-website-polytex-telas-no-tejidas\u00bb title_text=\u00bblogos-website-polytex-telas-no-tejidas\u00bb align_tablet=\u00bbcenter\u00bb align_phone=\u00bbcenter\u00bb align_last_edited=\u00bbon|phone\u00bb _builder_version=\u00bb4.21.2&#8243; _module_preset=\u00bbdefault\u00bb custom_margin=\u00bb12px||||false|false\u00bb custom_margin_tablet=\u00bb|21px||0px|false|false\u00bb custom_margin_phone=\u00bb-1px||||false|false\u00bb custom_margin_last_edited=\u00bbon|tablet\u00bb custom_padding=\u00bb1px||||false|false\u00bb custom_padding_tablet=\u00bb1px||||false|false\u00bb custom_padding_phone=\u00bb0px||||false|false\u00bb custom_padding_last_edited=\u00bbon|phone\u00bb global_colors_info=\u00bb{}\u00bb][\/et_pb_image][\/et_pb_column][et_pb_column type=\u00bb3_4&#8243; _builder_version=\u00bb4.21.2&#8243; _module_preset=\u00bbdefault\u00bb global_colors_info=\u00bb{}\u00bb][et_pb_text _builder_version=\u00bb4.26.0&#8243; _module_preset=\u00bbdefault\u00bb text_line_height=\u00bb1.6em\u00bb header_line_height=\u00bb1.4em\u00bb custom_margin_tablet=\u00bb||||false|false\u00bb custom_margin_phone=\u00bb-8px||-9px||false|false\u00bb custom_margin_last_edited=\u00bbon|desktop\u00bb custom_padding=\u00bb||||false|false\u00bb custom_padding_tablet=\u00bb||||false|false\u00bb custom_padding_phone=\u00bb0px||||false|false\u00bb custom_padding_last_edited=\u00bbon|phone\u00bb hover_enabled=\u00bb0&#8243; header_text_align_tablet=\u00bbcenter\u00bb header_text_align_phone=\u00bbcenter\u00bb header_text_align_last_edited=\u00bbon|phone\u00bb header_line_height_tablet=\u00bb1.2em\u00bb header_line_height_phone=\u00bb1.2em\u00bb header_line_height_last_edited=\u00bbon|desktop\u00bb global_colors_info=\u00bb{}\u00bb sticky_enabled=\u00bb0&#8243;]<\/p>\n<h1><strong><span style=\"font-size: xx-large;\">Innovando en soluciones que <br \/>protegen y transforman vidas<\/span><\/strong><\/h1>\n<p>[\/et_pb_text][\/et_pb_column][\/et_pb_row][et_pb_row column_structure=\u00bb2_5,3_5&#8243; _builder_version=\u00bb4.21.2&#8243; _module_preset=\u00bbdefault\u00bb custom_padding=\u00bb9px||||false|false\u00bb global_colors_info=\u00bb{}\u00bb][et_pb_column type=\u00bb2_5&#8243; _builder_version=\u00bb4.21.2&#8243; _module_preset=\u00bbdefault\u00bb global_colors_info=\u00bb{}\u00bb][et_pb_image src=\u00bbhttps:\/\/telaresmaracay.com\/wp-content\/uploads\/2023\/10\/Industria-polytex-telas-no-tejidas.jpg\u00bb alt=\u00bbIndustria polytex telas no tejidas\u00bb title_text=\u00bbIndustria polytex telas no tejidas\u00bb _builder_version=\u00bb4.21.2&#8243; _module_preset=\u00bbdefault\u00bb border_radii=\u00bbon|15px|15px|15px|15px\u00bb global_colors_info=\u00bb{}\u00bb][\/et_pb_image][et_pb_image src=\u00bbhttps:\/\/telaresmaracay.com\/wp-content\/uploads\/2023\/10\/POLYTEX-TELAS-scaled.jpg\u00bb alt=\u00bbPOLYTEX TELAS\u00bb title_text=\u00bbPOLYTEX TELAS\u00bb _builder_version=\u00bb4.21.2&#8243; _module_preset=\u00bbdefault\u00bb border_radii=\u00bbon|15px|15px|15px|15px\u00bb global_colors_info=\u00bb{}\u00bb][\/et_pb_image][\/et_pb_column][et_pb_column type=\u00bb3_5&#8243; _builder_version=\u00bb4.21.2&#8243; _module_preset=\u00bbdefault\u00bb global_colors_info=\u00bb{}\u00bb][et_pb_text _builder_version=\u00bb4.21.2&#8243; _module_preset=\u00bbdefault\u00bb text_font_size=\u00bb19px\u00bb text_line_height=\u00bb1.5em\u00bb text_orientation=\u00bbjustified\u00bb custom_margin=\u00bb2px|||||\u00bb global_colors_info=\u00bb{}\u00bb]<\/p>\n<h2 style=\"text-align: left;\">Contactos<\/h2>\n<ul>\n<li><a href=\"mailto:ventasjeantexccs@gmail.com\"><\/a><a href=\"mailto:Info@grupopolytex.com\">info@grupopolytex.com<\/a><a href=\"mailto:ventasjeantexccs@gmail.com\"><\/a><\/li>\n<li>Instagram: @grupopolytex<\/li>\n<li><a href=\"https:\/\/grupopolytex.com\/um-descartables\/\">https:\/\/<\/a><a href=\"http:\/\/www.grupopolytex.com\/polytex-telas-no-tejidas\/\">grupopolytex.com\/polytex-telas-no-tejidas\/<\/a><\/li>\n<\/ul>\n<h2 style=\"text-align: left;\">Informaci\u00f3n<\/h2>\n<p>Fundados en 1989, somos la primera f\u00e1brica de telas no tejidas a base del polipropileno en Venezuela y Sur Am\u00e9rica. Centrados en el desarrollo de productos de la mejor calidad y variedad de gramajes para el sector salud, higiene, agr\u00edcola, publicitario y colchonero.<\/p>\n<p style=\"text-align: left;\"><span style=\"font-size: x-small;\">J075558855<\/span><\/p>\n<p>[\/et_pb_text][et_pb_button button_url=\u00bbhttps:\/\/grupopolytex.com\/\u00bb url_new_window=\u00bbon\u00bb button_text=\u00bbVER P\u00c1GINA\u00bb button_alignment=\u00bbcenter\u00bb _builder_version=\u00bb4.21.2&#8243; _module_preset=\u00bbdefault\u00bb custom_button=\u00bbon\u00bb button_text_size=\u00bb18px\u00bb button_text_color=\u00bb#FFFFFF\u00bb button_bg_color=\u00bbgcid-884e73bd-66b5-42c5-9842-b9a41b765e8a\u00bb locked=\u00bboff\u00bb global_colors_info=\u00bb{%22gcid-884e73bd-66b5-42c5-9842-b9a41b765e8a%22:%91%22button_bg_color%22%93}\u00bb][\/et_pb_button][\/et_pb_column][\/et_pb_row][\/et_pb_section]<\/p>\n","protected":false},"excerpt":{"rendered":"<p>Innovando en soluciones que protegen y transforman vidasContactos info@grupopolytex.com Instagram: @grupopolytex https:\/\/grupopolytex.com\/polytex-telas-no-tejidas\/ Informaci\u00f3n Fundados en 1989, somos la primera f\u00e1brica de telas no tejidas a base del polipropileno en Venezuela y Sur Am\u00e9rica. Centrados en el desarrollo de productos de la mejor calidad y variedad de gramajes para el sector salud, higiene, agr\u00edcola, publicitario y [&hellip;]<\/p>\n","protected":false},"author":5,"featured_media":0,"parent":0,"menu_order":0,"comment_status":"closed","ping_status":"closed","template":"","meta":{"_et_pb_use_builder":"on","_et_pb_old_content":"","_et_gb_content_width":"","om_disable_all_campaigns":false,"_monsterinsights_skip_tracking":false,"_monsterinsights_sitenote_active":false,"_monsterinsights_sitenote_note":"","_monsterinsights_sitenote_category":0,"footnotes":""},"class_list":["post-217","page","type-page","status-publish","hentry"],"aioseo_notices":[],"_links":{"self":[{"href":"https:\/\/telaresmaracay.com\/en\/wp-json\/wp\/v2\/pages\/217","targetHints":{"allow":["GET"]}}],"collection":[{"href":"https:\/\/telaresmaracay.com\/en\/wp-json\/wp\/v2\/pages"}],"about":[{"href":"https:\/\/telaresmaracay.com\/en\/wp-json\/wp\/v2\/types\/page"}],"author":[{"embeddable":true,"href":"https:\/\/telaresmaracay.com\/en\/wp-json\/wp\/v2\/users\/5"}],"replies":[{"embeddable":true,"href":"https:\/\/telaresmaracay.com\/en\/wp-json\/wp\/v2\/comments?post=217"}],"version-history":[{"count":48,"href":"https:\/\/telaresmaracay.com\/en\/wp-json\/wp\/v2\/pages\/217\/revisions"}],"predecessor-version":[{"id":2639,"href":"https:\/\/telaresmaracay.com\/en\/wp-json\/wp\/v2\/pages\/217\/revisions\/2639"}],"wp:attachment":[{"href":"https:\/\/telaresmaracay.com\/en\/wp-json\/wp\/v2\/media?parent=217"}],"curies":[{"name":"wp","href":"https:\/\/api.w.org\/{rel}","templated":true}]}}