{"id":207,"date":"2023-08-08T16:59:05","date_gmt":"2023-08-08T16:59:05","guid":{"rendered":"https:\/\/telaresmaracay.com\/?page_id=207"},"modified":"2023-10-27T18:45:32","modified_gmt":"2023-10-27T18:45:32","slug":"poljean","status":"publish","type":"page","link":"https:\/\/telaresmaracay.com\/en\/poljean\/","title":{"rendered":"Poljean"},"content":{"rendered":"<p>[et_pb_section fb_built=\u00bb1&#8243; _builder_version=\u00bb4.21.2&#8243; _module_preset=\u00bbdefault\u00bb min_height_tablet=\u00bb\u00bb min_height_phone=\u00bb\u00bb min_height_last_edited=\u00bbon|tablet\u00bb custom_margin=\u00bb||10px||false|false\u00bb custom_margin_tablet=\u00bb||44px||false|false\u00bb custom_margin_phone=\u00bb||27px||false|false\u00bb custom_margin_last_edited=\u00bbon|phone\u00bb custom_padding=\u00bb3px||26px|||\u00bb locked=\u00bboff\u00bb global_colors_info=\u00bb{}\u00bb custom_css_main_element_last_edited=\u00bbon|desktop\u00bb custom_css_main_element_tablet=\u00bbheight:auto;\u00bb custom_css_main_element_phone=\u00bbheight:auto;\u00bb][et_pb_row column_structure=\u00bb1_4,3_4&#8243; use_custom_gutter=\u00bbon\u00bb gutter_width=\u00bb1&#8243; make_equal=\u00bbon\u00bb custom_padding_last_edited=\u00bbon|desktop\u00bb _builder_version=\u00bb4.21.2&#8243; _module_preset=\u00bbdefault\u00bb custom_margin=\u00bb-10px||-6px||false|false\u00bb custom_margin_tablet=\u00bb-10px||-8px||false|false\u00bb custom_margin_phone=\u00bb-10px||-8px||false|false\u00bb custom_margin_last_edited=\u00bbon|desktop\u00bb custom_padding=\u00bb||0px|||\u00bb custom_padding_tablet=\u00bb||0px|||\u00bb custom_padding_phone=\u00bb||0px|||\u00bb locked=\u00bboff\u00bb global_colors_info=\u00bb{}\u00bb custom_css_main_element_last_edited=\u00bbon|phone\u00bb custom_css_main_element_phone=\u00bbdisplay:block;\u00bb][et_pb_column type=\u00bb1_4&#8243; _builder_version=\u00bb4.21.2&#8243; _module_preset=\u00bbdefault\u00bb positioning=\u00bbnone\u00bb global_colors_info=\u00bb{}\u00bb][et_pb_image src=\u00bbhttps:\/\/telaresmaracay.com\/wp-content\/uploads\/2023\/08\/poljean-textiles-colombia.png\u00bb alt=\u00bbpoljean-textiles-colombia\u00bb title_text=\u00bbpoljean-textiles-colombia\u00bb align_tablet=\u00bbcenter\u00bb align_phone=\u00bbcenter\u00bb align_last_edited=\u00bbon|tablet\u00bb _builder_version=\u00bb4.21.2&#8243; _module_preset=\u00bbdefault\u00bb max_width_tablet=\u00bb38%\u00bb max_width_phone=\u00bb55%\u00bb max_width_last_edited=\u00bbon|tablet\u00bb custom_margin=\u00bb22px||||false|false\u00bb custom_margin_tablet=\u00bb9px||3px||false|false\u00bb custom_margin_phone=\u00bb9px||3px||false|false\u00bb custom_margin_last_edited=\u00bbon|tablet\u00bb global_colors_info=\u00bb{}\u00bb][\/et_pb_image][\/et_pb_column][et_pb_column type=\u00bb3_4&#8243; _builder_version=\u00bb4.21.2&#8243; _module_preset=\u00bbdefault\u00bb positioning=\u00bbnone\u00bb global_colors_info=\u00bb{}\u00bb][et_pb_text _builder_version=\u00bb4.21.2&#8243; _module_preset=\u00bbdefault\u00bb header_font=\u00bb|700|||||||\u00bb header_line_height=\u00bb1.4em\u00bb width=\u00bb98.6%\u00bb custom_margin=\u00bb13px|||-28px|false|false\u00bb custom_margin_tablet=\u00bb||-3px||false|false\u00bb custom_margin_phone=\u00bb|||0px|false|false\u00bb custom_margin_last_edited=\u00bbon|tablet\u00bb custom_padding=\u00bb|||72px|false|false\u00bb custom_padding_tablet=\u00bb|||0px|false|false\u00bb custom_padding_phone=\u00bb|||0px|false|false\u00bb custom_padding_last_edited=\u00bbon|desktop\u00bb header_text_align_tablet=\u00bb\u00bb header_text_align_phone=\u00bbcenter\u00bb header_text_align_last_edited=\u00bbon|desktop\u00bb header_font_size_tablet=\u00bb30px\u00bb header_font_size_phone=\u00bb30px\u00bb header_font_size_last_edited=\u00bbon|desktop\u00bb text_orientation_tablet=\u00bbcenter\u00bb text_orientation_phone=\u00bbcenter\u00bb text_orientation_last_edited=\u00bbon|tablet\u00bb module_alignment_tablet=\u00bbcenter\u00bb module_alignment_phone=\u00bbcenter\u00bb module_alignment_last_edited=\u00bbon|tablet\u00bb global_colors_info=\u00bb{}\u00bb]<\/p>\n<h1><span style=\"font-size: xx-large;\"><b>Los mejores dise\u00f1os merecen las mejores telas que crean tendencias en moda<\/b><\/span><\/h1>\n<p>[\/et_pb_text][\/et_pb_column][\/et_pb_row][et_pb_row column_structure=\u00bb2_5,3_5&#8243; _builder_version=\u00bb4.21.2&#8243; _module_preset=\u00bbdefault\u00bb global_colors_info=\u00bb{}\u00bb][et_pb_column type=\u00bb2_5&#8243; _builder_version=\u00bb4.21.2&#8243; _module_preset=\u00bbdefault\u00bb global_colors_info=\u00bb{}\u00bb][et_pb_image src=\u00bbhttps:\/\/telaresmaracay.com\/wp-content\/uploads\/2023\/10\/Disenos-de-jeanes-de-poljean-scaled.jpg\u00bb alt=\u00bbDise\u00f1os de jeanes de poljean\u00bb title_text=\u00bbDise\u00f1os de jeanes de poljean\u00bb _builder_version=\u00bb4.21.2&#8243; _module_preset=\u00bbdefault\u00bb border_radii=\u00bbon|15px|15px|15px|15px\u00bb global_colors_info=\u00bb{}\u00bb][\/et_pb_image][et_pb_image src=\u00bbhttps:\/\/telaresmaracay.com\/wp-content\/uploads\/2023\/10\/Distribuidora-de-tales-y-jeanes-al-mayor-y-detal-scaled.jpg\u00bb alt=\u00bbDistribuidora de telas y jeanes al mayor y detal\u00bb title_text=\u00bbDistribuidora de telas y jeanes al mayor y detal\u00bb _builder_version=\u00bb4.21.2&#8243; _module_preset=\u00bbdefault\u00bb hover_enabled=\u00bb0&#8243; border_radii=\u00bbon|15px|15px|15px|15px\u00bb global_colors_info=\u00bb{}\u00bb sticky_enabled=\u00bb0&#8243;][\/et_pb_image][\/et_pb_column][et_pb_column type=\u00bb3_5&#8243; _builder_version=\u00bb4.21.2&#8243; _module_preset=\u00bbdefault\u00bb global_colors_info=\u00bb{}\u00bb][et_pb_text _builder_version=\u00bb4.21.2&#8243; _module_preset=\u00bbdefault\u00bb text_font_size=\u00bb19px\u00bb text_line_height=\u00bb1.5em\u00bb text_orientation=\u00bbjustified\u00bb custom_margin=\u00bb2px|||||\u00bb global_colors_info=\u00bb{}\u00bb]<\/p>\n<h2 style=\"text-align: left;\"><span style=\"color: #000000;\">Contactos<\/span><\/h2>\n<ul>\n<li><span style=\"font-size: 19px;\">WhatsApp: +57 316 8214169\u00a0<\/span><\/li>\n<li><span style=\"color: #000000;\">Instagram: @poljeansas<\/span><\/li>\n<li>www.poljean.com<\/li>\n<\/ul>\n<h2 style=\"text-align: left;\"><span style=\"color: #000000;\">Informaci\u00f3n<\/span><\/h2>\n<p style=\"text-align: left;\"><span>Somos la comercializadora, en Colombia, de los productos del Grupo Telares Maracay.<\/span><\/p>\n<p style=\"text-align: left;\">Ofrecemos una extraordinaria l\u00ednea de telas para diversos usos de gran aceptaci\u00f3n en el mercado internacional, como el TNT, no tejido, denim, drill y jeans cl\u00e1sicos y de moda.<\/p>\n<p>[\/et_pb_text][et_pb_button button_url=\u00bbhttps:\/\/www.poljean.com\/\u00bb url_new_window=\u00bbon\u00bb button_text=\u00bbVER P\u00c1GINA\u00bb button_alignment=\u00bbcenter\u00bb _builder_version=\u00bb4.21.2&#8243; _module_preset=\u00bbdefault\u00bb custom_button=\u00bbon\u00bb button_text_size=\u00bb18px\u00bb button_text_color=\u00bb#FFFFFF\u00bb button_bg_color=\u00bbgcid-884e73bd-66b5-42c5-9842-b9a41b765e8a\u00bb global_colors_info=\u00bb{%22gcid-884e73bd-66b5-42c5-9842-b9a41b765e8a%22:%91%22button_bg_color%22%93}\u00bb][\/et_pb_button][\/et_pb_column][\/et_pb_row][\/et_pb_section]<\/p>\n","protected":false},"excerpt":{"rendered":"<p>Los mejores dise\u00f1os merecen las mejores telas que crean tendencias en modaContactos WhatsApp: +57 316 8214169\u00a0 Instagram: @poljeansas www.poljean.com Informaci\u00f3n Somos la comercializadora, en Colombia, de los productos del Grupo Telares Maracay. Ofrecemos una extraordinaria l\u00ednea de telas para diversos usos de gran aceptaci\u00f3n en el mercado internacional, como el TNT, no tejido, denim, drill [&hellip;]<\/p>\n","protected":false},"author":5,"featured_media":0,"parent":0,"menu_order":0,"comment_status":"closed","ping_status":"closed","template":"","meta":{"_et_pb_use_builder":"on","_et_pb_old_content":"","_et_gb_content_width":"","om_disable_all_campaigns":false,"_monsterinsights_skip_tracking":false,"_monsterinsights_sitenote_active":false,"_monsterinsights_sitenote_note":"","_monsterinsights_sitenote_category":0,"footnotes":""},"class_list":["post-207","page","type-page","status-publish","hentry"],"aioseo_notices":[],"_links":{"self":[{"href":"https:\/\/telaresmaracay.com\/en\/wp-json\/wp\/v2\/pages\/207","targetHints":{"allow":["GET"]}}],"collection":[{"href":"https:\/\/telaresmaracay.com\/en\/wp-json\/wp\/v2\/pages"}],"about":[{"href":"https:\/\/telaresmaracay.com\/en\/wp-json\/wp\/v2\/types\/page"}],"author":[{"embeddable":true,"href":"https:\/\/telaresmaracay.com\/en\/wp-json\/wp\/v2\/users\/5"}],"replies":[{"embeddable":true,"href":"https:\/\/telaresmaracay.com\/en\/wp-json\/wp\/v2\/comments?post=207"}],"version-history":[{"count":32,"href":"https:\/\/telaresmaracay.com\/en\/wp-json\/wp\/v2\/pages\/207\/revisions"}],"predecessor-version":[{"id":1372,"href":"https:\/\/telaresmaracay.com\/en\/wp-json\/wp\/v2\/pages\/207\/revisions\/1372"}],"wp:attachment":[{"href":"https:\/\/telaresmaracay.com\/en\/wp-json\/wp\/v2\/media?parent=207"}],"curies":[{"name":"wp","href":"https:\/\/api.w.org\/{rel}","templated":true}]}}