{"id":1470,"date":"2023-11-02T19:15:05","date_gmt":"2023-11-02T19:15:05","guid":{"rendered":"https:\/\/telaresmaracay.com\/?page_id=1470"},"modified":"2023-11-02T19:15:17","modified_gmt":"2023-11-02T19:15:17","slug":"nuestras-marcas","status":"publish","type":"page","link":"https:\/\/telaresmaracay.com\/en\/nuestras-marcas\/","title":{"rendered":"Nuestras Marcas"},"content":{"rendered":"<p>[et_pb_section fb_built=\u00bb1&#8243; _builder_version=\u00bb4.21.2&#8243; _module_preset=\u00bbdefault\u00bb min_height_tablet=\u00bb\u00bb min_height_phone=\u00bb\u00bb min_height_last_edited=\u00bbon|tablet\u00bb custom_margin=\u00bb||-4px||false|false\u00bb custom_margin_tablet=\u00bb||16px||false|false\u00bb custom_margin_phone=\u00bb||10px||false|false\u00bb custom_margin_last_edited=\u00bbon|phone\u00bb custom_padding=\u00bb3px|||||\u00bb locked=\u00bboff\u00bb global_colors_info=\u00bb{}\u00bb custom_css_main_element_last_edited=\u00bbon|desktop\u00bb custom_css_main_element_tablet=\u00bbheight:auto;\u00bb custom_css_main_element_phone=\u00bbheight:auto;\u00bb theme_builder_area=\u00bbpost_content\u00bb][et_pb_row column_structure=\u00bb1_4,3_4&#8243; custom_padding_last_edited=\u00bbon|tablet\u00bb _builder_version=\u00bb4.21.2&#8243; _module_preset=\u00bbdefault\u00bb min_height=\u00bb93.5px\u00bb custom_margin=\u00bb-12px||8px||false|false\u00bb custom_margin_tablet=\u00bb-5px||30px||false|false\u00bb custom_margin_phone=\u00bb-5px||0px||false|false\u00bb custom_margin_last_edited=\u00bbon|tablet\u00bb custom_padding=\u00bb||4px||false|false\u00bb custom_padding_tablet=\u00bb||0px||false|false\u00bb custom_padding_phone=\u00bb||0px||false|false\u00bb global_colors_info=\u00bb{}\u00bb theme_builder_area=\u00bbpost_content\u00bb][et_pb_column type=\u00bb1_4&#8243; _builder_version=\u00bb4.21.2&#8243; _module_preset=\u00bbdefault\u00bb global_colors_info=\u00bb{}\u00bb theme_builder_area=\u00bbpost_content\u00bb][et_pb_image src=\u00bbhttps:\/\/telaresmaracay.com\/wp-content\/uploads\/2023\/08\/logo-politex-tubos.jpg\u00bb alt=\u00bblogo politex-tubos\u00bb title_text=\u00bblogo politex-tubos\u00bb align_tablet=\u00bbcenter\u00bb align_phone=\u00bbcenter\u00bb align_last_edited=\u00bbon|tablet\u00bb _builder_version=\u00bb4.21.2&#8243; _module_preset=\u00bbdefault\u00bb width_tablet=\u00bb\u00bb width_phone=\u00bb\u00bb width_last_edited=\u00bbon|tablet\u00bb max_width_tablet=\u00bb33%\u00bb max_width_phone=\u00bb47%\u00bb max_width_last_edited=\u00bbon|tablet\u00bb custom_margin_tablet=\u00bb-15px|221px|-32px||false|false\u00bb custom_margin_phone=\u00bb-9px|93px|-35px||false|false\u00bb custom_margin_last_edited=\u00bbon|tablet\u00bb custom_padding_tablet=\u00bb\u00bb custom_padding_phone=\u00bb\u00bb custom_padding_last_edited=\u00bbon|tablet\u00bb global_colors_info=\u00bb{}\u00bb theme_builder_area=\u00bbpost_content\u00bb][\/et_pb_image][\/et_pb_column][et_pb_column type=\u00bb3_4&#8243; _builder_version=\u00bb4.21.2&#8243; _module_preset=\u00bbdefault\u00bb global_colors_info=\u00bb{}\u00bb theme_builder_area=\u00bbpost_content\u00bb][et_pb_text _builder_version=\u00bb4.21.2&#8243; _module_preset=\u00bbdefault\u00bb header_font=\u00bb|700|||||||\u00bb min_height=\u00bb0.7px\u00bb custom_margin=\u00bb31px|||-19px|false|false\u00bb custom_margin_tablet=\u00bb12px||0px||false|false\u00bb custom_margin_phone=\u00bb12px||18px|0px|false|false\u00bb custom_margin_last_edited=\u00bbon|tablet\u00bb custom_padding=\u00bb4px||6px||false|false\u00bb custom_padding_tablet=\u00bb4px||0px||false|false\u00bb custom_padding_phone=\u00bb4px||0px||false|false\u00bb custom_padding_last_edited=\u00bbon|tablet\u00bb text_line_height_tablet=\u00bb\u00bb text_line_height_phone=\u00bb1em\u00bb text_line_height_last_edited=\u00bbon|phone\u00bb header_text_align_tablet=\u00bbcenter\u00bb header_text_align_phone=\u00bbcenter\u00bb header_text_align_last_edited=\u00bbon|tablet\u00bb global_colors_info=\u00bb{}\u00bb theme_builder_area=\u00bbpost_content\u00bb]<\/p>\n<h1><span style=\"font-size: xx-large;\">Construyendo con experiencia<\/span><\/h1>\n<p>[\/et_pb_text][\/et_pb_column][\/et_pb_row][et_pb_row column_structure=\u00bb2_5,3_5&#8243; _builder_version=\u00bb4.21.2&#8243; _module_preset=\u00bbdefault\u00bb custom_margin=\u00bb-17px||||false|false\u00bb custom_margin_tablet=\u00bb-33px||||false|false\u00bb custom_margin_phone=\u00bb-33px||||false|false\u00bb custom_margin_last_edited=\u00bbon|tablet\u00bb global_colors_info=\u00bb{}\u00bb theme_builder_area=\u00bbpost_content\u00bb][et_pb_column type=\u00bb2_5&#8243; _builder_version=\u00bb4.21.2&#8243; _module_preset=\u00bbdefault\u00bb global_colors_info=\u00bb{}\u00bb theme_builder_area=\u00bbpost_content\u00bb][et_pb_image src=\u00bbhttps:\/\/telaresmaracay.com\/wp-content\/uploads\/2023\/10\/Tubos-de-agua-caliente-y-fria-Tubo-Verde-scaled-e1698170358855.jpg\u00bb alt=\u00bbTubos de agua caliente y fr\u00eda Tubo Verde\u00bb title_text=\u00bbTubos de agua caliente y fr\u00eda Tubo Verde\u00bb _builder_version=\u00bb4.21.2&#8243; _module_preset=\u00bbdefault\u00bb border_radii=\u00bbon|15px|15px|15px|15px\u00bb global_colors_info=\u00bb{}\u00bb theme_builder_area=\u00bbpost_content\u00bb][\/et_pb_image][et_pb_image src=\u00bbhttps:\/\/telaresmaracay.com\/wp-content\/uploads\/2023\/10\/Industria-de-tuberia-de-Polytex-scaled-e1698170903944.jpg\u00bb alt=\u00bbIndustria de tuber\u00eda de Polytex\u00bb title_text=\u00bbIndustria de tuber\u00eda de Polytex\u00bb _builder_version=\u00bb4.21.2&#8243; _module_preset=\u00bbdefault\u00bb border_radii=\u00bbon|15px|15px|15px|15px\u00bb global_colors_info=\u00bb{}\u00bb theme_builder_area=\u00bbpost_content\u00bb][\/et_pb_image][\/et_pb_column][et_pb_column type=\u00bb3_5&#8243; _builder_version=\u00bb4.21.2&#8243; _module_preset=\u00bbdefault\u00bb global_colors_info=\u00bb{}\u00bb theme_builder_area=\u00bbpost_content\u00bb][et_pb_text _builder_version=\u00bb4.21.2&#8243; _module_preset=\u00bbdefault\u00bb text_font_size=\u00bb19px\u00bb text_line_height=\u00bb1.5em\u00bb text_orientation=\u00bbjustified\u00bb custom_margin=\u00bb2px|||||\u00bb custom_padding=\u00bb||0px|||\u00bb global_colors_info=\u00bb{}\u00bb theme_builder_area=\u00bbpost_content\u00bb]<\/p>\n<h2 style=\"text-align: left;\"><span style=\"color: #000000;\">Contactos\u00a0<\/span><\/h2>\n<ul>\n<li><a href=\"mailto:Info@grupopolytex.com\">info@grupopolytex.com<\/a><\/li>\n<li><span style=\"font-size: 19px;\">Instagram: @grupopolytex<\/span><\/li>\n<li><a href=\"https:\/\/grupopolytex.com\/polytex-tubos\/\">https:\/\/grupopolytex.com\/polytex-tubos\/<\/a><\/li>\n<\/ul>\n<h2 style=\"text-align: left;\"><span style=\"color: #000000;\">Informaci\u00f3n<\/span><\/h2>\n<p style=\"text-align: left;\">Impulsados por nuestra experiencia en la manipulaci\u00f3n del polipropileno como materia prima, ampliamos nuestro portafolio con tuber\u00edas y conexiones de PPR. Estos productos han sido muy bien aceptados en el sector de la construcci\u00f3n y la plomer\u00eda debido a su gran resistencia, durabilidad y soporte a las altas temperaturas. Caracter\u00edsticas que los convierten en medios ideales para el transporte de agua fr\u00eda y caliente.<\/p>\n<p>[\/et_pb_text][et_pb_button button_url=\u00bbhttps:\/\/grupopolytex.com\/polytex-tubos\/\u00bb url_new_window=\u00bbon\u00bb button_text=\u00bbVER P\u00c1GINA\u00bb button_alignment=\u00bbcenter\u00bb _builder_version=\u00bb4.21.2&#8243; _module_preset=\u00bbdefault\u00bb custom_button=\u00bbon\u00bb button_text_size=\u00bb18px\u00bb button_text_color=\u00bb#FFFFFF\u00bb button_bg_color=\u00bbgcid-884e73bd-66b5-42c5-9842-b9a41b765e8a\u00bb locked=\u00bboff\u00bb global_colors_info=\u00bb{%22gcid-884e73bd-66b5-42c5-9842-b9a41b765e8a%22:%91%22button_bg_color%22%93}\u00bb theme_builder_area=\u00bbpost_content\u00bb][\/et_pb_button][\/et_pb_column][\/et_pb_row][\/et_pb_section]<\/p>\n","protected":false},"excerpt":{"rendered":"<p>Construyendo con experienciaContactos\u00a0 info@grupopolytex.com Instagram: @grupopolytex https:\/\/grupopolytex.com\/polytex-tubos\/ Informaci\u00f3n Impulsados por nuestra experiencia en la manipulaci\u00f3n del polipropileno como materia prima, ampliamos nuestro portafolio con tuber\u00edas y conexiones de PPR. Estos productos han sido muy bien aceptados en el sector de la construcci\u00f3n y la plomer\u00eda debido a su gran resistencia, durabilidad y soporte a las [&hellip;]<\/p>\n","protected":false},"author":5,"featured_media":0,"parent":0,"menu_order":0,"comment_status":"closed","ping_status":"closed","template":"","meta":{"_et_pb_use_builder":"on","_et_pb_old_content":"","_et_gb_content_width":"","om_disable_all_campaigns":false,"_monsterinsights_skip_tracking":false,"_monsterinsights_sitenote_active":false,"_monsterinsights_sitenote_note":"","_monsterinsights_sitenote_category":0,"footnotes":""},"class_list":["post-1470","page","type-page","status-publish","hentry"],"aioseo_notices":[],"_links":{"self":[{"href":"https:\/\/telaresmaracay.com\/en\/wp-json\/wp\/v2\/pages\/1470","targetHints":{"allow":["GET"]}}],"collection":[{"href":"https:\/\/telaresmaracay.com\/en\/wp-json\/wp\/v2\/pages"}],"about":[{"href":"https:\/\/telaresmaracay.com\/en\/wp-json\/wp\/v2\/types\/page"}],"author":[{"embeddable":true,"href":"https:\/\/telaresmaracay.com\/en\/wp-json\/wp\/v2\/users\/5"}],"replies":[{"embeddable":true,"href":"https:\/\/telaresmaracay.com\/en\/wp-json\/wp\/v2\/comments?post=1470"}],"version-history":[{"count":3,"href":"https:\/\/telaresmaracay.com\/en\/wp-json\/wp\/v2\/pages\/1470\/revisions"}],"predecessor-version":[{"id":1473,"href":"https:\/\/telaresmaracay.com\/en\/wp-json\/wp\/v2\/pages\/1470\/revisions\/1473"}],"wp:attachment":[{"href":"https:\/\/telaresmaracay.com\/en\/wp-json\/wp\/v2\/media?parent=1470"}],"curies":[{"name":"wp","href":"https:\/\/api.w.org\/{rel}","templated":true}]}}