{"id":126,"date":"2023-08-07T20:56:15","date_gmt":"2023-08-07T20:56:15","guid":{"rendered":"https:\/\/telaresmaracay.com\/?page_id=126"},"modified":"2024-04-10T18:37:19","modified_gmt":"2024-04-10T18:37:19","slug":"sobre-nosotros","status":"publish","type":"page","link":"https:\/\/telaresmaracay.com\/en\/sobre-nosotros\/","title":{"rendered":"About Us"},"content":{"rendered":"<p>[et_pb_section fb_built=\u00bb1&#8243; _builder_version=\u00bb4.21.2&#8243; _module_preset=\u00bbdefault\u00bb custom_padding=\u00bb20px||22px|||\u00bb custom_css_main_element=\u00bbmin-height:calc(100vh &#8211; 164px);\u00bb global_colors_info=\u00bb{}\u00bb][et_pb_row _builder_version=\u00bb4.21.2&#8243; _module_preset=\u00bbdefault\u00bb min_height=\u00bb63.3px\u00bb custom_margin=\u00bb0px|auto|10px|auto|false|false\u00bb custom_margin_tablet=\u00bb10px|auto|10px|auto|false|false\u00bb custom_margin_phone=\u00bb-3px|auto|0px|auto|false|false\u00bb custom_margin_last_edited=\u00bbon|desktop\u00bb custom_padding=\u00bb16px||||false|false\u00bb global_colors_info=\u00bb{}\u00bb][et_pb_column type=\u00bb4_4&#8243; _builder_version=\u00bb4.21.2&#8243; _module_preset=\u00bbdefault\u00bb global_colors_info=\u00bb{}\u00bb][et_pb_text _builder_version=\u00bb4.21.2&#8243; _module_preset=\u00bbdefault\u00bb text_text_color=\u00bbgcid-884e73bd-66b5-42c5-9842-b9a41b765e8a\u00bb text_font_size=\u00bb60px\u00bb text_line_height=\u00bb1em\u00bb header_line_height=\u00bb1.4em\u00bb custom_margin=\u00bb0px||-13px||false|false\u00bb custom_padding=\u00bb6px|||||\u00bb header_line_height_tablet=\u00bb1.4em\u00bb header_line_height_phone=\u00bb1.4em\u00bb header_line_height_last_edited=\u00bbon|phone\u00bb global_colors_info=\u00bb{%22gcid-884e73bd-66b5-42c5-9842-b9a41b765e8a%22:%91%22text_text_color%22%93}\u00bb]<\/p>\n<h1><strong><span style=\"font-size: xxx-large;\">Sobre Nosotros<\/span><\/strong><\/h1>\n<p>[\/et_pb_text][\/et_pb_column][\/et_pb_row][et_pb_row column_structure=\u00bb2_3,1_3&#8243; _builder_version=\u00bb4.21.2&#8243; _module_preset=\u00bbdefault\u00bb custom_margin=\u00bb0px|auto||auto|false|false\u00bb custom_padding=\u00bb0px||3px||false|false\u00bb global_colors_info=\u00bb{}\u00bb][et_pb_column type=\u00bb2_3&#8243; _builder_version=\u00bb4.21.2&#8243; _module_preset=\u00bbdefault\u00bb global_colors_info=\u00bb{}\u00bb][et_pb_text _builder_version=\u00bb4.21.2&#8243; _module_preset=\u00bbdefault\u00bb text_font=\u00bb||||||||\u00bb text_font_size=\u00bb19px\u00bb text_line_height=\u00bb1.5em\u00bb text_orientation=\u00bbjustified\u00bb custom_margin=\u00bb2px|||||\u00bb global_colors_info=\u00bb{}\u00bb]<\/p>\n<p>En 1926, es fundada la primera f\u00e1brica textil en Venezuela, Telares e Hilander\u00edas Maracay, con el fin de producir telas de algod\u00f3n para la fabricaci\u00f3n de driles, percales, pa\u00f1os de mano, cobijas y s\u00e1banas entre otros productos.<\/p>\n<p>A mediados de los a\u00f1os de 1950, un grupo de empresarios venezolanos, liderados por Don Esteban Zarikian adquiere esta f\u00e1brica, la cual a partir de ese momento pasa a llamarse C.A. Telares de Maracay.<\/p>\n<p>&nbsp;<\/p>\n<p>[\/et_pb_text][\/et_pb_column][et_pb_column type=\u00bb1_3&#8243; _builder_version=\u00bb4.21.2&#8243; _module_preset=\u00bbdefault\u00bb global_colors_info=\u00bb{}\u00bb][et_pb_image src=\u00bbhttps:\/\/telaresmaracay.com\/wp-content\/uploads\/2023\/08\/FOTO-ANTIGUA-MARACAY.jpeg\u00bb alt=\u00bbFachada original de Telares Maracay\u00bb title_text=\u00bbFOTO ANTIGUA MARACAY\u00bb align=\u00bbright\u00bb _builder_version=\u00bb4.21.2&#8243; _module_preset=\u00bbdefault\u00bb border_radii=\u00bbon|10px|10px|10px|10px\u00bb global_colors_info=\u00bb{}\u00bb][\/et_pb_image][\/et_pb_column][\/et_pb_row][et_pb_row column_structure=\u00bb1_3,2_3&#8243; custom_padding_last_edited=\u00bbon|desktop\u00bb _builder_version=\u00bb4.21.2&#8243; _module_preset=\u00bbdefault\u00bb custom_margin=\u00bb-18px||||false|false\u00bb custom_margin_tablet=\u00bb-12px||||false|false\u00bb custom_margin_phone=\u00bb-12px||||false|false\u00bb custom_margin_last_edited=\u00bbon|desktop\u00bb custom_padding=\u00bb||35px|||\u00bb custom_padding_tablet=\u00bb\u00bb custom_padding_phone=\u00bb\u00bb global_colors_info=\u00bb{}\u00bb][et_pb_column type=\u00bb1_3&#8243; _builder_version=\u00bb4.21.2&#8243; _module_preset=\u00bbdefault\u00bb global_colors_info=\u00bb{}\u00bb][et_pb_image src=\u00bbhttps:\/\/telaresmaracay.com\/wp-content\/uploads\/2024\/04\/sobre-nosotros-fabrica.jpg\u00bb _builder_version=\u00bb4.21.2&#8243; _module_preset=\u00bbdefault\u00bb border_radii=\u00bbon|10px|10px|10px|10px\u00bb hover_enabled=\u00bb0&#8243; sticky_enabled=\u00bb0&#8243; title_text=\u00bbsobre-nosotros-fabrica\u00bb][\/et_pb_image][\/et_pb_column][et_pb_column type=\u00bb2_3&#8243; _builder_version=\u00bb4.21.2&#8243; _module_preset=\u00bbdefault\u00bb global_colors_info=\u00bb{}\u00bb][et_pb_text _builder_version=\u00bb4.21.2&#8243; _module_preset=\u00bbdefault\u00bb text_font=\u00bb||||||||\u00bb text_font_size=\u00bb19px\u00bb text_line_height=\u00bb1.5em\u00bb text_orientation=\u00bbjustified\u00bb custom_margin=\u00bb2px|||||\u00bb global_colors_info=\u00bb{}\u00bb]<\/p>\n<p>En el transcurso del tiempo, gracias a una gerencia profesional y visionaria, la f\u00e1brica fue creciendo y nuevas empresas textiles se fueron agregando a C.A. Telares de Maracay para formar lo que se conoce hoy como Grupo Telares Maracay, uno de los conglomerados textiles m\u00e1s importantes de Latinoam\u00e9rica.<\/p>\n<p>En la actualidad, GTM, es reconocido por la calidad de sus productos, su seriedad, el fiel cumplimiento de sus compromisos y su visi\u00f3n, de contribuir con su trabajo en la generaci\u00f3n de empleos y riqueza en Venezuela; y la inversi\u00f3n y reinversi\u00f3n en sus infraestructuras y tecnolog\u00edas para continuar siendo un referente en el \u00e1rea textil.<\/p>\n<p>&nbsp;<\/p>\n<p>[\/et_pb_text][\/et_pb_column][\/et_pb_row][et_pb_row column_structure=\u00bb2_3,1_3&#8243; custom_padding_last_edited=\u00bbon|desktop\u00bb _builder_version=\u00bb4.21.2&#8243; _module_preset=\u00bbdefault\u00bb custom_margin=\u00bb-20px||||false|false\u00bb custom_margin_tablet=\u00bb-12px||||false|false\u00bb custom_margin_phone=\u00bb-12px||||false|false\u00bb custom_margin_last_edited=\u00bbon|desktop\u00bb custom_padding=\u00bb1px|||||\u00bb custom_padding_tablet=\u00bb1px|||||\u00bb custom_padding_phone=\u00bb1px|||||\u00bb global_colors_info=\u00bb{}\u00bb][et_pb_column type=\u00bb2_3&#8243; _builder_version=\u00bb4.21.2&#8243; _module_preset=\u00bbdefault\u00bb global_colors_info=\u00bb{}\u00bb][et_pb_text _builder_version=\u00bb4.21.2&#8243; _module_preset=\u00bbdefault\u00bb text_font=\u00bb||||||||\u00bb text_font_size=\u00bb19px\u00bb text_line_height=\u00bb1.5em\u00bb text_orientation=\u00bbjustified\u00bb custom_margin=\u00bb2px|||||\u00bb global_colors_info=\u00bb{}\u00bb]<\/p>\n<p>Desde la tierra, donde produce de algod\u00f3n, pieza fundamental en la fabricaci\u00f3n de sus productos, pasando por centros de producci\u00f3n, hasta empresas distribuidoras en Venezuela, el Grupo Telares Maracay ofrece al mercado nacional e internacional una gran variedad de productos tales como telas planas para diversos usos, confecci\u00f3n, <span>telas no tejidas para la industria pa\u00f1alera, colchonera y descartables m\u00e9dicos; geotextiles para la industria agr\u00edcola, petrolera y construcci\u00f3n; y tuber\u00eda verde de termofusi\u00f3n basadas en polipropileno.<\/span><\/p>\n<p>&nbsp;<\/p>\n<p>[\/et_pb_text][\/et_pb_column][et_pb_column type=\u00bb1_3&#8243; _builder_version=\u00bb4.21.2&#8243; _module_preset=\u00bbdefault\u00bb global_colors_info=\u00bb{}\u00bb][et_pb_image src=\u00bbhttps:\/\/telaresmaracay.com\/wp-content\/uploads\/2024\/04\/sobre-nosotros.jpg\u00bb title_text=\u00bbsobre-nosotros\u00bb _builder_version=\u00bb4.21.2&#8243; _module_preset=\u00bbdefault\u00bb border_radii=\u00bbon|10px|10px|10px|10px\u00bb global_colors_info=\u00bb{}\u00bb][\/et_pb_image][\/et_pb_column][\/et_pb_row][\/et_pb_section]<\/p>\n","protected":false},"excerpt":{"rendered":"<p>Sobre NosotrosEn 1926, es fundada la primera f\u00e1brica textil en Venezuela, Telares e Hilander\u00edas Maracay, con el fin de producir telas de algod\u00f3n para la fabricaci\u00f3n de driles, percales, pa\u00f1os de mano, cobijas y s\u00e1banas entre otros productos. A mediados de los a\u00f1os de 1950, un grupo de empresarios venezolanos, liderados por Don Esteban Zarikian [&hellip;]<\/p>\n","protected":false},"author":5,"featured_media":0,"parent":0,"menu_order":0,"comment_status":"closed","ping_status":"closed","template":"","meta":{"_et_pb_use_builder":"on","_et_pb_old_content":"","_et_gb_content_width":"","om_disable_all_campaigns":false,"_monsterinsights_skip_tracking":false,"_monsterinsights_sitenote_active":false,"_monsterinsights_sitenote_note":"","_monsterinsights_sitenote_category":0,"footnotes":""},"class_list":["post-126","page","type-page","status-publish","hentry"],"aioseo_notices":[],"_links":{"self":[{"href":"https:\/\/telaresmaracay.com\/en\/wp-json\/wp\/v2\/pages\/126","targetHints":{"allow":["GET"]}}],"collection":[{"href":"https:\/\/telaresmaracay.com\/en\/wp-json\/wp\/v2\/pages"}],"about":[{"href":"https:\/\/telaresmaracay.com\/en\/wp-json\/wp\/v2\/types\/page"}],"author":[{"embeddable":true,"href":"https:\/\/telaresmaracay.com\/en\/wp-json\/wp\/v2\/users\/5"}],"replies":[{"embeddable":true,"href":"https:\/\/telaresmaracay.com\/en\/wp-json\/wp\/v2\/comments?post=126"}],"version-history":[{"count":38,"href":"https:\/\/telaresmaracay.com\/en\/wp-json\/wp\/v2\/pages\/126\/revisions"}],"predecessor-version":[{"id":2300,"href":"https:\/\/telaresmaracay.com\/en\/wp-json\/wp\/v2\/pages\/126\/revisions\/2300"}],"wp:attachment":[{"href":"https:\/\/telaresmaracay.com\/en\/wp-json\/wp\/v2\/media?parent=126"}],"curies":[{"name":"wp","href":"https:\/\/api.w.org\/{rel}","templated":true}]}}